{"id":585,"date":"2023-09-03T02:09:26","date_gmt":"2023-09-03T02:09:26","guid":{"rendered":"https:\/\/abrircuentasuiza.com\/?page_id=585"},"modified":"2023-09-03T02:09:26","modified_gmt":"2023-09-03T02:09:26","slug":"politica-de-privacidad","status":"publish","type":"page","link":"https:\/\/abrircuentasuiza.com\/index.php\/politica-de-privacidad\/","title":{"rendered":"Pol\u00edtica De Privacidad"},"content":{"rendered":"\t\t<div data-elementor-type=\"wp-page\" data-elementor-id=\"585\" class=\"elementor elementor-585\">\n\t\t\t\t        <section class=\"elementor-section elementor-top-section elementor-element elementor-element-79ec5161 elementor-section-stretched elementor-section-boxed elementor-section-height-default elementor-section-height-default\" data-id=\"79ec5161\" data-element_type=\"section\" data-settings=\"{&quot;stretch_section&quot;:&quot;section-stretched&quot;,&quot;background_background&quot;:&quot;classic&quot;}\">\n                            <div class=\"elementor-background-overlay\"><\/div>\n                \n                        <div class=\"elementor-container elementor-column-gap-extended \">\n                            <div class=\"elementor-row\">\n                    <div class=\"elementor-column elementor-col-100 elementor-top-column elementor-element elementor-element-7d309671\" data-id=\"7d309671\" data-element_type=\"column\">\n            <div class=\"elementor-column-wrap elementor-element-populated\">\n                            <div class=\"elementor-widget-wrap\">\n                        <section class=\"elementor-section elementor-inner-section elementor-element elementor-element-40f43ff7 elementor-section-boxed elementor-section-height-default elementor-section-height-default\" data-id=\"40f43ff7\" data-element_type=\"section\">\n            \n                        <div class=\"elementor-container elementor-column-gap-extended \">\n                            <div class=\"elementor-row\">\n                    <div class=\"elementor-column elementor-col-33 elementor-inner-column elementor-element elementor-element-6d544658\" data-id=\"6d544658\" data-element_type=\"column\">\n            <div class=\"elementor-column-wrap\">\n                            <div class=\"elementor-widget-wrap\">\n                                <\/div>\n                    <\/div>\n        <\/div>\n                <div class=\"elementor-column elementor-col-33 elementor-inner-column elementor-element elementor-element-655f8d1d\" data-id=\"655f8d1d\" data-element_type=\"column\">\n            <div class=\"elementor-column-wrap elementor-element-populated\">\n                            <div class=\"elementor-widget-wrap\">\n                                <\/div>\n                    <\/div>\n        <\/div>\n                <div class=\"elementor-column elementor-col-33 elementor-inner-column elementor-element elementor-element-3f50d5df\" data-id=\"3f50d5df\" data-element_type=\"column\">\n            <div class=\"elementor-column-wrap\">\n                            <div class=\"elementor-widget-wrap\">\n                                <\/div>\n                    <\/div>\n        <\/div>\n                                <\/div>\n                    <\/div>\n        <\/section>\n                        <\/div>\n                    <\/div>\n        <\/div>\n                                <\/div>\n                    <\/div>\n        <\/section>\n                <section class=\"elementor-section elementor-top-section elementor-element elementor-element-2a8d285c elementor-section-full_width elementor-section-stretched elementor-section-height-default elementor-section-height-default\" data-id=\"2a8d285c\" data-element_type=\"section\" data-settings=\"{&quot;stretch_section&quot;:&quot;section-stretched&quot;,&quot;background_background&quot;:&quot;classic&quot;}\">\n            \n                        <div class=\"elementor-container elementor-column-gap-default \">\n                            <div class=\"elementor-row\">\n                    <div class=\"elementor-column elementor-col-100 elementor-top-column elementor-element elementor-element-26971959\" data-id=\"26971959\" data-element_type=\"column\">\n            <div class=\"elementor-column-wrap elementor-element-populated\">\n                            <div class=\"elementor-widget-wrap\">\n                \t\t<div class=\"elementor-element elementor-element-4d9a0bd5 elementor-widget elementor-widget-spacer\" data-id=\"4d9a0bd5\" data-element_type=\"widget\" data-widget_type=\"spacer.default\">\n\t\t\t\t<div class=\"elementor-widget-container\">\n\t\t\t\t\t\t\t<div class=\"elementor-spacer\">\n\t\t\t<div class=\"elementor-spacer-inner\"><\/div>\n\t\t<\/div>\n\t\t\t\t\t\t<\/div>\n\t\t\t\t<\/div>\n\t\t                <\/div>\n                    <\/div>\n        <\/div>\n                                <\/div>\n                    <\/div>\n        <\/section>\n                <section class=\"elementor-section elementor-top-section elementor-element elementor-element-73a9421b elementor-section-boxed elementor-section-height-default elementor-section-height-default\" data-id=\"73a9421b\" data-element_type=\"section\">\n            \n                        <div class=\"elementor-container elementor-column-gap-default \">\n                            <div class=\"elementor-row\">\n                    <div class=\"elementor-column elementor-col-100 elementor-top-column elementor-element elementor-element-489cf2c7\" data-id=\"489cf2c7\" data-element_type=\"column\">\n            <div class=\"elementor-column-wrap elementor-element-populated\">\n                            <div class=\"elementor-widget-wrap\">\n                \t\t<div class=\"elementor-element elementor-element-5e6eb3fc elementor-widget elementor-widget-spacer\" data-id=\"5e6eb3fc\" data-element_type=\"widget\" data-widget_type=\"spacer.default\">\n\t\t\t\t<div class=\"elementor-widget-container\">\n\t\t\t\t\t\t\t<div class=\"elementor-spacer\">\n\t\t\t<div class=\"elementor-spacer-inner\"><\/div>\n\t\t<\/div>\n\t\t\t\t\t\t<\/div>\n\t\t\t\t<\/div>\n\t\t                <\/div>\n                    <\/div>\n        <\/div>\n                                <\/div>\n                    <\/div>\n        <\/section>\n                <section class=\"elementor-section elementor-top-section elementor-element elementor-element-76536e82 elementor-section-boxed elementor-section-height-default elementor-section-height-default\" data-id=\"76536e82\" data-element_type=\"section\">\n            \n                        <div class=\"elementor-container elementor-column-gap-default \">\n                            <div class=\"elementor-row\">\n                    <div class=\"elementor-column elementor-col-100 elementor-top-column elementor-element elementor-element-5fe83860\" data-id=\"5fe83860\" data-element_type=\"column\">\n            <div class=\"elementor-column-wrap elementor-element-populated\">\n                            <div class=\"elementor-widget-wrap\">\n                \t\t<div class=\"elementor-element elementor-element-3a74a61c elementor-widget elementor-widget-text-editor\" data-id=\"3a74a61c\" data-element_type=\"widget\" data-widget_type=\"text-editor.default\">\n\t\t\t\t<div class=\"elementor-widget-container\">\n\t\t\t\t\t\t\t\t\t<p><strong>Recogida, tratamiento y uso de los datos personales en la web:<\/strong><\/p><p>En base a lo dispuesto en el Reglamento General de Protecci\u00f3n de Datos 2016\/679 (RGPD) y en la Ley Org\u00e1nica 3\/2018, de Protecci\u00f3n de Datos Personales y garant\u00eda de derechos digitales (LOPDGDD), le informamos que para hacer uso algunos de los servicios que les ofrece nuestra web, puede ser necesario que nos suministre determinados datos de car\u00e1cter personal que ser\u00e1n incorporados a ficheros automatizados.<\/p><p>Cumpliendo con las nuevas disposiciones del Reglamento (UE) 2016\/679 del PE y del Consejo de 27 de Abril de 2016 relativas a la protecci\u00f3n de las personas f\u00edsicas en lo que respecta al tratamiento de datos personales y a la libre circulaci\u00f3n de estos datos y de la Ley Org\u00e1nica 3\/2018, de 5 de diciembre, de Protecci\u00f3n de Datos Personales y garant\u00eda de derechos digitales, le informamos que el responsable del tratamiento de los datos es:<\/p><p>En adelante Positive Balance LLP<br \/>Nombre de dominio: https:\/\/abrircuentasuiza.com<\/p><p>Correo electr\u00f3nico: info@abrircuentasuiza.com<\/p><p>Para realizar cualquier tipo de observaci\u00f3n respecto a posibles incumplimientos de los derechos de propiedad intelectual o industrial, as\u00ed como sobre cualquiera de los contenidos del sitio web, puede hacerlo poni\u00e9ndose en contacto con la empresa a trav\u00e9s de cualquiera de los medios indicados anteriormente.<\/p><p>Los contenidos del Sitio Web tienen como finalidad informar a los Usuarios, de los servicios ofrecidos por la empresa como consecuencia de las solicitudes, gestiones o tr\u00e1mites que el Usuario realice mediante la web. Los datos objeto de tratamiento ser\u00e1n aquellos que nos facilite a trav\u00e9s de los formularios que en cada momento contenga la p\u00e1gina o a trav\u00e9s de los correos electr\u00f3nicos que el Usuario dirija a las direcciones de correo electr\u00f3nico identificadas en la misma, as\u00ed como aquellos otros que se generen durante el mantenimiento de la relaci\u00f3n correspondiente.<\/p><p>Todos los campos que aparecen se\u00f1alados como obligatorios en cualquiera de los formularios deber\u00e1n ser cumplimentados necesariamente, de tal modo que la omisi\u00f3n de alguno de ellos podr\u00e1 comportar la imposibilidad de que podamos atender su solicitud o prestarle los servicios correspondientes.<\/p><p>Adicionalmente, durante dicha recogida de datos, es posible que se solicite su consentimiento para otra serie de finalidades que no guardan una relaci\u00f3n directa con el servicio o la relaci\u00f3n correspondiente. En el caso de que no est\u00e9 de acuerdo con dichos tratamientos adicionales, marque la casilla destinada al efecto seg\u00fan corresponda.<\/p><p>Solicitantes de informaci\u00f3n: Los datos personales utilizados en estos casos proceden del propio interesado, el cual los proporciona a Positive Balance LLP al completar el formulario de contacto contenido en el Sitio Web, al efectuar una llamada telef\u00f3nica, o al enviar un correo.<\/p><p>Estos datos se utilizan con la finalidad de resolver las consultas y proporcionar informaci\u00f3n a aquellos que lo demanden o lo autoricen expresamente, principalmente por medio del correo electr\u00f3nico.<\/p><p>La persona que acceda a este Sitio Web (en adelante, el Usuario), asegura que tiene la edad m\u00ednima legal establecida por el Reglamento General de Protecci\u00f3n de Datos 679\/2016 (16 a\u00f1os) o por la normativa nacional que le sea de aplicaci\u00f3n para otorgar el consentimiento en relaci\u00f3n con los Servicios de la Sociedad de la Informaci\u00f3n.<\/p><p>Mediante el acceso a este Sitio Web, el Usuario acepta expresamente todas las cl\u00e1usulas de su informaci\u00f3n legal, de esta pol\u00edtica de privacidad, y de su pol\u00edtica de cookies, as\u00ed como de todas aquellas condiciones particulares recogidas para la utilizaci\u00f3n de determinados servicios. En caso de no aceptar alguna de las citadas cl\u00e1usulas, el Usuario deber\u00e1 abstenerse de acceder a este Sitio Web.<\/p><p>Al acceder el Usuario a las cuentas de Positive Balance LLP en las redes sociales acepta el tratamiento de sus datos personales por parte de las mismas seg\u00fan sus pol\u00edticas de privacidad.<\/p><p><strong>Finalidad del tratamiento de los datos personales:<\/strong><\/p><p>En Positive Balance LLP trataremos sus datos personales, recabados a trav\u00e9s del Sitio Web con las siguientes finalidades:<\/p><p>Env\u00edo de informaci\u00f3n solicitada a trav\u00e9s de los formularios de contacto dispuestos en el Sitio Web para la finalidad solicitar cualquier tipo de consulta relacionada con los servicios que presta la empresa.<br \/>Datos del cirriculum vitae que nos env\u00ede a trav\u00e9s de cualquier v\u00eda. La finalidad es la de evaluar su candidatura en caso de que en un futuro surja alguna vacante que se ajuste a sus caracter\u00edsticas.<\/p><p>En Positive Balance LLP trataremos los datos personales de nuestros clientes con las siguientes finalidades:<\/p><p>Prestar el servicio contratado por parte del cliente.<br \/>Asesoramiento a comunidades de propietarios.<\/p><p>Asimismo, le recordamos que puede oponerse al env\u00edo de comunicaciones comerciales por cualquier v\u00eda y en cualquier momento, dirigi\u00e9ndose a Positive Balance LLP .<\/p><p><strong>Legitimaci\u00f3n:<\/strong><\/p><p>El tratamiento de sus datos se realiza con las siguientes bases jur\u00eddicas que legitiman el mismo:<\/p><p>El consentimiento libre, espec\u00edfico, informado e inequ\u00edvoco, en tanto que le informamos poniendo a su disposici\u00f3n la presente pol\u00edtica de privacidad, que tras la lectura de la misma, en caso de estar conforme, puede aceptar mediante una declaraci\u00f3n o una clara acci\u00f3n afirmativa, como el marcado de una casilla dispuesta al efecto.<\/p><p>En caso de que no nos facilite sus datos o lo haga de forma err\u00f3nea o incompleta, no podremos atender su solicitud, resultando del todo imposible proporcionarle la informaci\u00f3n solicitada o llevar a cabo la contrataci\u00f3n de los servicios.<\/p><p><strong>Garant\u00eda:<\/strong><\/p><p>El Usuario garantiza que los datos aportados son verdaderos, exactos, completos y actualizados, siendo responsable de cualquier da\u00f1o o perjuicio, directo o indirecto, que pudiera ocasionarse como consecuencia del incumplimiento de tal obligaci\u00f3n. En el caso de que los datos aportados pertenecieran a un tercero, el Usuario garantiza que ha informado a dicho tercero y obtenido su autorizaci\u00f3n para facilitar sus datos personales a Positive Balance LLP .<\/p><p><strong>Conservaci\u00f3n de los datos:<\/strong><\/p><p>Sus datos se conservar\u00e1n mientras se mantenga la relaci\u00f3n contractual o durante los a\u00f1os necesarios para cumplir con las obligaciones legales, mientras no solicite su cese o durante el tiempo necesario para la realizaci\u00f3n de los fines necesarios para los recabados.<\/p><p>Variar\u00e1 en funci\u00f3n del servicio que se preste o contrate:<\/p><p>4 a\u00f1os: Ley sobre Infracciones y Sanciones en el Orden Social (obligaciones en materia de afiliaci\u00f3n, altas, bajas, cotizaci\u00f3n, pago de salarios\u2026); Arts. 66 y sig. Ley General Tributaria (libros de contabilidad\u2026).<br \/>5 a\u00f1os: Art. 1964 C\u00f3digo Civil (acciones personales sin plazo especial).<br \/>6 a\u00f1os: Art. 30 C\u00f3digo de Comercio (libros de contabilidad, facturas, etc.).<br \/>10 a\u00f1os: Art. 25 Ley de Prevenci\u00f3n del Blanqueo de Capitales y Financiaci\u00f3n del Terrorismo.<\/p><p><br \/><strong>Destinatarios:<\/strong><\/p><p>Sus datos ser\u00e1n conservados bajo estrictas medidas de seguridad que garanticen la confidencialidad y la seguridad de los mismos. Del mismo modo, s\u00f3lo ser\u00e1n cedidos a las entidades y para las finalidades siguientes:<\/p><p>Entidades y proveedores que prestan servicios a Positive Balance LLP para la correcta realizaci\u00f3n de estos servicios. Dichas entidades y proveedores se encuentran debidamente acreditados y firman con nosotros el correspondiente contrato de tratamiento de datos en cumplimiento de la normativa de protecci\u00f3n de datos vigente.<br \/>Organismos y entidades oficiales en cumplimiento de las normativas y leyes vigentes.<\/p><p>Cualquier transferencia internacional de datos al usar aplicaciones americanas, estar\u00e1 adherida al convenio Privacy Shield, que garantiza que las empresas de software americano cumplen las pol\u00edticas de protecci\u00f3n de datos europeas en materia de privacidad.<\/p><p>Los datos no se comunicar\u00e1n a ning\u00fan tercero ajeno a Positive Balance LLP , fuera de los casos anteriormente descritos, salvo obligaci\u00f3n legal o autorizaci\u00f3n previa.<\/p><p>Destinatarios fuera de la Uni\u00f3n Europea: Positive Balance LLP no cede datos personales a terceros ni contrata con proveedores prestadores de servicios fuera de la Uni\u00f3n Europea.<\/p><p><strong>Derechos:<\/strong><\/p><p>Como interesado que nos ha proporcionado sus datos personales, tiene pleno derecho a obtener confirmaci\u00f3n sobre si en Positive Balance LLP estamos tratando sus datos personales, y en concreto est\u00e1 facultado para ejercitar los siguientes derechos que la normativa en materia de protecci\u00f3n de datos le reconoce, conforme a lo previsto en la misma:<\/p><p>Derecho de ACCESO a sus datos personales.<br \/>Derechos de solicitar la RECTIFICACI\u00d3N de los datos inexactos.<br \/>Derecho de solicitar su SUPRESI\u00d3N cuando, entre otros motivos, los datos ya no sean necesarios para los fines que fueron recogidos.<br \/>En determinadas circunstancias, podr\u00e1 solicitar la LIMITACI\u00d3N DEL TRATAMIENTO de sus datos, en cuyo caso \u00fanicamente los conservaremos para el ejercicio o la defensa de reclamaciones.<br \/>En determinadas circunstancias y por motivos relacionados con su situaci\u00f3n particular, los interesados podr\u00e1n ejercitar su derecho de OPOSICI\u00d3N al tratamiento de sus datos. Dejaremos de tratar los datos, salvo por motivos leg\u00edtimos imperiosos, o el ejercicio o la defensa de posibles reclamaciones.<br \/>En determinadas circunstancias y por motivos relacionados con su situaci\u00f3n particular, podr\u00e1 solicitar su derecho a la PORTABILIDAD de los datos.<\/p><p>Podr\u00e1 ejercer tales derechos o solicitar informaci\u00f3n adicional presentando copia de un documento identificativo y exponiendo brevemente su caso y el derecho que quiere ejercer, mediante carta dirigida a Positive Balance LLP mediante carta dirigida a la direcci\u00f3n postal situada en C\/ SIRENA 11 BIS, BLOQUE 1 BAJO, 28290 DE LAS MATAS (MADRID), o a trav\u00e9s de la direcci\u00f3n de correo electr\u00f3nico\u00a0info@edomusgestion.es.<\/p><p>Adem\u00e1s, en caso de que se haya vulnerado cualquiera de sus derechos, el interesado tiene derecho a presentar una reclamaci\u00f3n ante la Agencia Espa\u00f1ola de Protecci\u00f3n de Datos (AEPD), en C\/ Jorge Juan, 6, 28001-Madrid o a trav\u00e9s de la sede electr\u00f3nica de la AEPD:\u00a0https:\/\/sedeagpd.gob.es\/sede-electronica-web\/.<\/p><p><strong>Modificaciones<\/strong><\/p><p>Nos reservamos el derecho a modificar este aviso para adaptarlo a las novedades legislativas o jurisprudenciales que vayan surgiendo o public\u00e1ndose, as\u00ed como efectuar las modificaciones oportunas de acuerdo con las pr\u00e1cticas de la industria o comerciales.<\/p><p><strong>Duraci\u00f3n y modificaci\u00f3n de la Pol\u00edtica de Privacidad:<\/strong><\/p><p>Positive Balance LLP se reserva el derecho a modificar, total o parcialmente, la presente Pol\u00edtica de Privacidad, publicando los cambios en el Sitio Web. Asimismo, podr\u00e1 efectuar sin previo aviso las modificaciones que considere oportunas, pudiendo cambiar, suprimir o a\u00f1adir tanto los contenidos y servicios que presta, como la forma en la que \u00e9stos aparezcan presentados o localizados. En consecuencia, se entender\u00e1n como vigentes, las condiciones generales\/Pol\u00edticas que est\u00e9n publicadas en el momento en el que el Usuario acceda deber\u00e1 leerlas peri\u00f3dicamente.<\/p><p>Con independencia de lo dispuesto, Positive Balance LLP podr\u00e1 dar por terminado, suspender o interrumpir, en cualquier momento sin necesidad de preaviso, el acceso a los contenidos del Sitio Web, sin posibilidad por parte del Usuario de exigir indemnizaci\u00f3n alguna.<\/p>\t\t\t\t\t\t\t\t<\/div>\n\t\t\t\t<\/div>\n\t\t                <\/div>\n                    <\/div>\n        <\/div>\n                                <\/div>\n                    <\/div>\n        <\/section>\n                <section class=\"elementor-section elementor-top-section elementor-element elementor-element-19edfa8c elementor-section-boxed elementor-section-height-default elementor-section-height-default\" data-id=\"19edfa8c\" data-element_type=\"section\">\n            \n                        <div class=\"elementor-container elementor-column-gap-default \">\n                            <div class=\"elementor-row\">\n                    <div class=\"elementor-column elementor-col-100 elementor-top-column elementor-element elementor-element-9c1f3a\" data-id=\"9c1f3a\" data-element_type=\"column\">\n            <div class=\"elementor-column-wrap elementor-element-populated\">\n                            <div class=\"elementor-widget-wrap\">\n                \t\t<div class=\"elementor-element elementor-element-51b80053 elementor-widget elementor-widget-spacer\" data-id=\"51b80053\" data-element_type=\"widget\" data-widget_type=\"spacer.default\">\n\t\t\t\t<div class=\"elementor-widget-container\">\n\t\t\t\t\t\t\t<div class=\"elementor-spacer\">\n\t\t\t<div class=\"elementor-spacer-inner\"><\/div>\n\t\t<\/div>\n\t\t\t\t\t\t<\/div>\n\t\t\t\t<\/div>\n\t\t                <\/div>\n                    <\/div>\n        <\/div>\n                                <\/div>\n                    <\/div>\n        <\/section>\n        \t\t<\/div>\n\t\t","protected":false},"excerpt":{"rendered":"<p>Home | Recogida, tratamiento y uso de los datos personales en la web: En base a lo dispuesto en el Reglamento General de Protecci\u00f3n de Datos 2016\/679 (RGPD) y en la Ley Org\u00e1nica 3\/2018, de Protecci\u00f3n de Datos Personales y garant\u00eda de derechos digitales (LOPDGDD), le informamos que para hacer uso algunos de los servicios [&hellip;]<\/p>\n","protected":false},"author":1,"featured_media":0,"parent":0,"menu_order":0,"comment_status":"closed","ping_status":"closed","template":"elementor_canvas","meta":{"_joinchat":[],"footnotes":""},"class_list":["post-585","page","type-page","status-publish","hentry"],"_links":{"self":[{"href":"https:\/\/abrircuentasuiza.com\/index.php\/wp-json\/wp\/v2\/pages\/585","targetHints":{"allow":["GET"]}}],"collection":[{"href":"https:\/\/abrircuentasuiza.com\/index.php\/wp-json\/wp\/v2\/pages"}],"about":[{"href":"https:\/\/abrircuentasuiza.com\/index.php\/wp-json\/wp\/v2\/types\/page"}],"author":[{"embeddable":true,"href":"https:\/\/abrircuentasuiza.com\/index.php\/wp-json\/wp\/v2\/users\/1"}],"replies":[{"embeddable":true,"href":"https:\/\/abrircuentasuiza.com\/index.php\/wp-json\/wp\/v2\/comments?post=585"}],"version-history":[{"count":0,"href":"https:\/\/abrircuentasuiza.com\/index.php\/wp-json\/wp\/v2\/pages\/585\/revisions"}],"wp:attachment":[{"href":"https:\/\/abrircuentasuiza.com\/index.php\/wp-json\/wp\/v2\/media?parent=585"}],"curies":[{"name":"wp","href":"https:\/\/api.w.org\/{rel}","templated":true}]}}